{"id":49,"date":"2023-05-01T16:08:11","date_gmt":"2023-05-01T22:08:11","guid":{"rendered":"https:\/\/lagacetamapache.wordpress.com\/?page_id=49"},"modified":"2023-05-01T16:08:11","modified_gmt":"2023-05-01T22:08:11","slug":"about-us","status":"publish","type":"page","link":"https:\/\/lagacetamapaches.3d-pop.com\/index.php\/about-us\/","title":{"rendered":"About us"},"content":{"rendered":"\n<div class=\"wp-block-group alignfull has-text-color has-background has-link-color wp-elements-421673dec53ac9ef650ff727d59d0090 is-layout-constrained\" style=\"color:#f6f4ed;background-color:#121313;margin-top:0px;margin-bottom:0px;padding-top:7vw;padding-bottom:7vw\"><div class=\"wp-block-group__inner-container\">\n<h2 class=\"wp-block-heading alignwide\">Editores y colaboradores<\/h2>\n\n\n\n<div class=\"wp-block-group alignwide is-layout-flow\"><div class=\"wp-block-group__inner-container\">\n<div class=\"wp-block-columns alignwide is-layout-flex wp-container-7\">\n<div class=\"wp-block-column is-layout-flow\">\n<div class=\"wp-block-group is-layout-flow\"><div class=\"wp-block-group__inner-container\">\n<figure class=\"wp-block-image size-large\"><img decoding=\"async\" loading=\"lazy\" width=\"828\" height=\"625\" src=\"https:\/\/lagacetamapaches.3d-pop.com\/wp-content\/uploads\/2023\/06\/for-the-love-of-philly-2.jpg?w=828\" alt=\"\" class=\"wp-image-242\" srcset=\"https:\/\/lagacetamapaches.3d-pop.com\/wp-content\/uploads\/2023\/06\/for-the-love-of-philly-2.jpg 828w, https:\/\/lagacetamapaches.3d-pop.com\/wp-content\/uploads\/2023\/06\/for-the-love-of-philly-2-300x226.jpg 300w, https:\/\/lagacetamapaches.3d-pop.com\/wp-content\/uploads\/2023\/06\/for-the-love-of-philly-2-768x580.jpg 768w\" sizes=\"(max-width: 828px) 100vw, 828px\" \/><\/figure>\n\n\n\n<div class=\"wp-block-group is-layout-flow\"><div class=\"wp-block-group__inner-container\">\n<h5 class=\"wp-block-heading\" style=\"margin-bottom:15px;font-size:1.4rem;font-style:normal;font-weight:700\">Diego Alvarez stefanoni<\/h5>\n\n\n\n<p class=\"has-small-font-size\" style=\"line-height:1.4\">Editor ejecutivo estudiantil; Director del blog &#8220;La Gaceta Mapache&#8221;<\/p>\n<\/div><\/div>\n\n\n\n<p class=\"has-small-font-size\" style=\"line-height:1.4\">&#8220;Do you love life? Then do not squander time, for that&#8217;s the stuff life is made of&#8221; -Ben Franklin<\/p>\n<\/div><\/div>\n<\/div>\n\n\n\n<div class=\"wp-block-column is-layout-flow\">\n<div class=\"wp-block-group is-layout-flow\"><div class=\"wp-block-group__inner-container\">\n<figure class=\"wp-block-image size-large is-resized\"><img decoding=\"async\" loading=\"lazy\" src=\"https:\/\/lagacetamapaches.3d-pop.com\/wp-content\/uploads\/2023\/06\/whatsapp-image-2023-05-29-at-05.52.29-1.png?w=766\" alt=\"\" class=\"wp-image-252\" width=\"376\" height=\"401\" srcset=\"https:\/\/lagacetamapaches.3d-pop.com\/wp-content\/uploads\/2023\/06\/whatsapp-image-2023-05-29-at-05.52.29-1.png 766w, https:\/\/lagacetamapaches.3d-pop.com\/wp-content\/uploads\/2023\/06\/whatsapp-image-2023-05-29-at-05.52.29-1-281x300.png 281w\" sizes=\"(max-width: 376px) 100vw, 376px\" \/><\/figure>\n\n\n\n<div class=\"wp-block-group is-layout-flow\"><div class=\"wp-block-group__inner-container\">\n<h5 class=\"wp-block-heading\" style=\"margin-bottom:15px;font-size:1.4rem;font-style:normal;font-weight:700\">Johnny Scott S\u00e1nchez Dom\u00ednguez<\/h5>\n\n\n\n<p class=\"has-small-font-size\" style=\"line-height:1.4\">Editor de Ciencias<\/p>\n<\/div><\/div>\n\n\n\n<p class=\"has-small-font-size\" style=\"line-height:1.4\">\u201cThe future is not a river to carry us, it is the ocean in which we drown if we are not prepared\u201d &#8211; Emperor Valkorion<\/p>\n<\/div><\/div>\n<\/div>\n<\/div>\n\n\n\n<div class=\"wp-block-columns alignwide is-layout-flex wp-container-22\">\n<div class=\"wp-block-column is-layout-flow\">\n<div class=\"wp-block-group is-layout-flow\"><div class=\"wp-block-group__inner-container\">\n<div class=\"wp-block-group is-layout-flow\"><div class=\"wp-block-group__inner-container\">\n<h5 class=\"wp-block-heading has-medium-font-size\" style=\"margin-bottom:15px;font-style:normal;font-weight:700\">Carolina M\u00e9ndez<\/h5>\n\n\n\n<p class=\"has-small-font-size\" style=\"line-height:1.4\">Maestra asesora y supervisora<\/p>\n<\/div><\/div>\n\n\n\n<p class=\"has-small-font-size\" style=\"line-height:1.4\">A cargo de la supervisi\u00f3n, colocaci\u00f3n, y el registro de permisos relacionados a la reproducci\u00f3n y publicaci\u00f3n del blog.<\/p>\n<\/div><\/div>\n\n\n\n<div class=\"wp-block-group is-layout-flow\"><div class=\"wp-block-group__inner-container\">\n<figure class=\"wp-block-image size-large is-resized is-style-default\"><img decoding=\"async\" loading=\"lazy\" src=\"https:\/\/lagacetamapaches.3d-pop.com\/wp-content\/uploads\/2023\/06\/img_8870-1.jpg?w=1024\" alt=\"\" class=\"wp-image-262\" width=\"252\" height=\"142\" srcset=\"https:\/\/lagacetamapaches.3d-pop.com\/wp-content\/uploads\/2023\/06\/img_8870-1.jpg 1024w, https:\/\/lagacetamapaches.3d-pop.com\/wp-content\/uploads\/2023\/06\/img_8870-1-300x169.jpg 300w, https:\/\/lagacetamapaches.3d-pop.com\/wp-content\/uploads\/2023\/06\/img_8870-1-768x432.jpg 768w\" sizes=\"(max-width: 252px) 100vw, 252px\" \/><\/figure>\n\n\n\n<div class=\"wp-block-group is-layout-flow\"><div class=\"wp-block-group__inner-container\">\n<h5 class=\"wp-block-heading has-medium-font-size\" style=\"margin-bottom:15px;font-style:normal;font-weight:700\">Mariana Cisneros Miranda<\/h5>\n\n\n\n<p class=\"has-small-font-size\" style=\"line-height:1.4\">Maestra asesora y supervisora<\/p>\n<\/div><\/div>\n\n\n\n<p class=\"has-small-font-size\" style=\"line-height:1.4\">&#8220;Cada libro, cada volumen que ves aqu\u00ed, tiene un alma. El alma de la persona que lo escribi\u00f3 y de aquellos que lo leyeron, vivieron y so\u00f1aron con \u00e9l&#8221;.<br><br>-Carlos Ru\u00edz Zaf\u00f3n; La sombra del viento<\/p>\n<\/div><\/div>\n<\/div>\n\n\n\n<div class=\"wp-block-column is-layout-flow\">\n<div class=\"wp-block-group is-layout-flow\"><div class=\"wp-block-group__inner-container\">\n<figure class=\"wp-block-image size-large\"><img decoding=\"async\" loading=\"lazy\" width=\"1125\" height=\"1535\" src=\"https:\/\/lagacetamapaches.3d-pop.com\/wp-content\/uploads\/2023\/05\/whatsapp-image-2023-05-29-at-11.20.01.jpeg?w=750\" alt=\"\" class=\"wp-image-197\" srcset=\"https:\/\/lagacetamapaches.3d-pop.com\/wp-content\/uploads\/2023\/05\/whatsapp-image-2023-05-29-at-11.20.01.jpeg 1125w, https:\/\/lagacetamapaches.3d-pop.com\/wp-content\/uploads\/2023\/05\/whatsapp-image-2023-05-29-at-11.20.01-220x300.jpeg 220w, https:\/\/lagacetamapaches.3d-pop.com\/wp-content\/uploads\/2023\/05\/whatsapp-image-2023-05-29-at-11.20.01-750x1024.jpeg 750w, https:\/\/lagacetamapaches.3d-pop.com\/wp-content\/uploads\/2023\/05\/whatsapp-image-2023-05-29-at-11.20.01-768x1048.jpeg 768w\" sizes=\"(max-width: 1125px) 100vw, 1125px\" \/><\/figure>\n\n\n\n<div class=\"wp-block-group is-layout-flow\"><div class=\"wp-block-group__inner-container\">\n<h5 class=\"wp-block-heading has-medium-font-size\" style=\"margin-bottom:15px;font-style:normal;font-weight:700\">Miguel Augusto Anastacio Lozada<\/h5>\n\n\n\n<p class=\"has-small-font-size\" style=\"line-height:1.4\">Editor de Deportes<\/p>\n<\/div><\/div>\n\n\n\n<p class=\"has-small-font-size\" style=\"line-height:1.4\">&#8220;El loco solo es loco hasta el d\u00eda en que se demuestre lo contrario&#8221;<\/p>\n<\/div><\/div>\n<\/div>\n\n\n\n<div class=\"wp-block-column is-layout-flow\">\n<div class=\"wp-block-group is-layout-flow\"><div class=\"wp-block-group__inner-container\">\n<figure class=\"wp-block-image size-large is-resized\"><img decoding=\"async\" loading=\"lazy\" src=\"https:\/\/lagacetamapaches.3d-pop.com\/wp-content\/uploads\/2023\/06\/marina_1-2.jpg?w=576\" alt=\"\" class=\"wp-image-246\" width=\"200\" height=\"355\" \/><\/figure>\n\n\n\n<div class=\"wp-block-group is-layout-flow\"><div class=\"wp-block-group__inner-container\">\n<h5 class=\"wp-block-heading has-medium-font-size\" style=\"margin-bottom:15px;font-style:normal;font-weight:700\">Marina marqu\u00ednez Obeso<\/h5>\n\n\n\n<p class=\"has-small-font-size\" style=\"line-height:1.4\">Editora de Artes y Lenguas<\/p>\n<\/div><\/div>\n\n\n\n<p class=\"has-small-font-size\" style=\"line-height:1.4\">&#8220;Soy veloz. Ku-chow&#8221;<br><br>-Rayo McQueen<\/p>\n<\/div><\/div>\n<\/div>\n\n\n\n<div class=\"wp-block-column is-layout-flow\">\n<div class=\"wp-block-group is-layout-flow\"><div class=\"wp-block-group__inner-container\">\n<figure class=\"wp-block-image size-large is-resized\"><img decoding=\"async\" loading=\"lazy\" src=\"https:\/\/lagacetamapaches.3d-pop.com\/wp-content\/uploads\/2023\/06\/98b85d1a-34e9-4c04-a7bc-f0f1eb8b0e28-1-1.jpg?w=576\" alt=\"\" class=\"wp-image-263\" width=\"204\" height=\"362\" srcset=\"https:\/\/lagacetamapaches.3d-pop.com\/wp-content\/uploads\/2023\/06\/98b85d1a-34e9-4c04-a7bc-f0f1eb8b0e28-1-1.jpg 720w, https:\/\/lagacetamapaches.3d-pop.com\/wp-content\/uploads\/2023\/06\/98b85d1a-34e9-4c04-a7bc-f0f1eb8b0e28-1-1-169x300.jpg 169w, https:\/\/lagacetamapaches.3d-pop.com\/wp-content\/uploads\/2023\/06\/98b85d1a-34e9-4c04-a7bc-f0f1eb8b0e28-1-1-576x1024.jpg 576w\" sizes=\"(max-width: 204px) 100vw, 204px\" \/><\/figure>\n\n\n\n<div class=\"wp-block-group is-layout-flow\"><div class=\"wp-block-group__inner-container\">\n<h5 class=\"wp-block-heading has-medium-font-size\" style=\"margin-bottom:15px;font-style:normal;font-weight:700\">Melissa M\u00e9ndez Hern\u00e1ndez<\/h5>\n\n\n\n<p class=\"has-small-font-size\" style=\"line-height:1.4\">Editora de Sociales<\/p>\n<\/div><\/div>\n\n\n\n<p class=\"has-small-font-size\" style=\"line-height:1.4\">&#8220;Madurar significa saber que no tienes que ser lo que el mundo quiere que seas&#8221;.<\/p>\n<\/div><\/div>\n<\/div>\n<\/div>\n<\/div><\/div>\n<\/div><\/div>\n\n\n\n<div class=\"wp-block-group alignfull has-text-color has-background is-layout-constrained\" style=\"color:#000000;background-color:#f8f9f9;padding-top:100px;padding-bottom:100px\"><div class=\"wp-block-group__inner-container\">\n<div class=\"wp-block-columns alignwide is-layout-flex wp-container-27\">\n<div class=\"wp-block-column is-layout-flow\" style=\"flex-basis:33.33%\">\n<h2 class=\"wp-block-heading\" style=\"margin-top:0px;font-size:53px;line-height:1.1\"><strong>Ponte en contacto<\/strong><\/h2>\n\n\n\n<p style=\"line-height:1.65\">No dudes en contactarnos con cualquier pregunta, comentario o sugerencia que tengas. Nuestro principal objetivo es escuchar y promover tu voz.<\/p>\n<\/div>\n\n\n\n<div class=\"wp-block-column is-layout-flow\" style=\"flex-basis:66.66%\"><div class=\"wp-block-jetpack-contact-form\"><a href=\"https:\/\/lagacetamapaches.3d-pop.com\/index.php\/about-us\/\" target=\"_blank\" rel=\"noopener noreferrer\">Submit a form.<\/a><\/div><\/div>\n<\/div>\n<\/div><\/div>\n","protected":false},"excerpt":{"rendered":"<p>Editores y colaboradores Diego Alvarez stefanoni Editor ejecutivo estudiantil; Director del blog &#8220;La Gaceta Mapache&#8221; &#8220;Do you love life? Then do not squander time, for that&#8217;s the stuff life is made of&#8221; -Ben Franklin Johnny Scott S\u00e1nchez Dom\u00ednguez Editor de Ciencias \u201cThe future is not a river to carry us, it is the ocean in &hellip; <a href=\"https:\/\/lagacetamapaches.3d-pop.com\/index.php\/about-us\/\" class=\"more-link\">Continue reading <span class=\"screen-reader-text\">About us<\/span><\/a><\/p>\n","protected":false},"author":1,"featured_media":254,"parent":0,"menu_order":0,"comment_status":"closed","ping_status":"closed","template":"","meta":{"_mi_skip_tracking":false,"_monsterinsights_sitenote_active":false,"_monsterinsights_sitenote_note":"","_monsterinsights_sitenote_category":0},"_links":{"self":[{"href":"https:\/\/lagacetamapaches.3d-pop.com\/index.php\/wp-json\/wp\/v2\/pages\/49"}],"collection":[{"href":"https:\/\/lagacetamapaches.3d-pop.com\/index.php\/wp-json\/wp\/v2\/pages"}],"about":[{"href":"https:\/\/lagacetamapaches.3d-pop.com\/index.php\/wp-json\/wp\/v2\/types\/page"}],"author":[{"embeddable":true,"href":"https:\/\/lagacetamapaches.3d-pop.com\/index.php\/wp-json\/wp\/v2\/users\/1"}],"replies":[{"embeddable":true,"href":"https:\/\/lagacetamapaches.3d-pop.com\/index.php\/wp-json\/wp\/v2\/comments?post=49"}],"version-history":[{"count":0,"href":"https:\/\/lagacetamapaches.3d-pop.com\/index.php\/wp-json\/wp\/v2\/pages\/49\/revisions"}],"wp:featuredmedia":[{"embeddable":true,"href":"https:\/\/lagacetamapaches.3d-pop.com\/index.php\/wp-json\/wp\/v2\/media\/254"}],"wp:attachment":[{"href":"https:\/\/lagacetamapaches.3d-pop.com\/index.php\/wp-json\/wp\/v2\/media?parent=49"}],"curies":[{"name":"wp","href":"https:\/\/api.w.org\/{rel}","templated":true}]}}