{"id":268,"date":"2023-05-25T08:37:17","date_gmt":"2023-05-25T14:37:17","guid":{"rendered":"https:\/\/lagacetamapache.wordpress.com\/?page_id=171"},"modified":"2023-05-25T08:37:17","modified_gmt":"2023-05-25T14:37:17","slug":"la-repisa-del-mapache","status":"publish","type":"page","link":"https:\/\/lagacetamapaches.3d-pop.com\/index.php\/la-repisa-del-mapache\/","title":{"rendered":"Repisa del Mapache"},"content":{"rendered":"\n<div class=\"wp-block-cover\" style=\"min-height:100vh\"><span aria-hidden=\"true\" class=\"wp-block-cover__background has-background-dim\"><\/span><img decoding=\"async\" class=\"wp-block-cover__image-background wp-image-173\" alt=\"\" src=\"https:\/\/lagacetamapaches.3d-pop.com\/wp-content\/uploads\/2023\/05\/repisadelmapache1.jpg\" data-object-fit=\"cover\" \/><div class=\"wp-block-cover__inner-container\">\n<p class=\"has-text-align-center has-large-font-size\">La Repisa del Mapache<\/p>\n\n\n\n<p>Rese\u00f1as y opiniones sobre pel\u00edculas, libros, novelas y series de televisi\u00f3n, hecha por estudiantes, para estudiantes.<\/p>\n<\/div><\/div>\n\n\n\n<div class=\"wp-block-group is-layout-constrained\"><div class=\"wp-block-group__inner-container\">\n<figure class=\"wp-block-pullquote has-text-color has-background\" style=\"color:#000000;background-color:#deb5b3\"><blockquote><p>&#8220;A reader lives a thousand lives before he dies&#8221;<\/p><cite>George R. R. Martin<\/cite><\/blockquote><\/figure>\n<\/div><\/div>\n\n\n\n<div style=\"margin-top:0px;margin-bottom:0px;height:30px\" aria-hidden=\"true\" class=\"wp-block-spacer\"><\/div>\n\n\n\n<div class=\"wp-block-cover alignfull is-light has-custom-content-position is-position-center-left\" style=\"padding-top:7vw;padding-right:7vw;padding-bottom:7vw;padding-left:7vw;min-height:840px\"><span aria-hidden=\"true\" class=\"wp-block-cover__background has-background-dim-0 has-background-dim\"><\/span><img decoding=\"async\" class=\"wp-block-cover__image-background wp-image-7222\" alt=\"\" src=\"https:\/\/dotcompatterns.files.wordpress.com\/2020\/05\/water-journal-ebuaknsm8zw-unsplash-edit.jpg\" data-object-fit=\"cover\" \/><div class=\"wp-block-cover__inner-container\">\n<div class=\"wp-block-group has-text-color has-link-color wp-elements-4c14c32a29ff4a095962f26a658d43fd is-layout-constrained wp-container-2\" style=\"color:#414141\"><div class=\"wp-block-group__inner-container\">\n<p style=\"font-size:80px;font-style:normal;font-weight:700;line-height:1\">Coming Soon<\/p>\n\n\n\n<p>Regresa pronto, tendremos miles de rese\u00f1as y opiniones de libros y pel\u00edculas listas para ti.<\/p>\n\n\n\n<p><a rel=\"noreferrer noopener\" href=\"mailto:hello@example.com\" target=\"_blank\">diegoals.main@gmail.com<\/a><\/p>\n<\/div><\/div>\n<\/div><\/div>\n","protected":false},"excerpt":{"rendered":"<p>&#8220;A reader lives a thousand lives before he dies&#8221; George R. R. Martin<\/p>\n","protected":false},"author":1,"featured_media":0,"parent":0,"menu_order":0,"comment_status":"open","ping_status":"closed","template":"","meta":{"_mi_skip_tracking":false,"_monsterinsights_sitenote_active":false,"_monsterinsights_sitenote_note":"","_monsterinsights_sitenote_category":0},"_links":{"self":[{"href":"https:\/\/lagacetamapaches.3d-pop.com\/index.php\/wp-json\/wp\/v2\/pages\/268"}],"collection":[{"href":"https:\/\/lagacetamapaches.3d-pop.com\/index.php\/wp-json\/wp\/v2\/pages"}],"about":[{"href":"https:\/\/lagacetamapaches.3d-pop.com\/index.php\/wp-json\/wp\/v2\/types\/page"}],"author":[{"embeddable":true,"href":"https:\/\/lagacetamapaches.3d-pop.com\/index.php\/wp-json\/wp\/v2\/users\/1"}],"replies":[{"embeddable":true,"href":"https:\/\/lagacetamapaches.3d-pop.com\/index.php\/wp-json\/wp\/v2\/comments?post=268"}],"version-history":[{"count":0,"href":"https:\/\/lagacetamapaches.3d-pop.com\/index.php\/wp-json\/wp\/v2\/pages\/268\/revisions"}],"wp:attachment":[{"href":"https:\/\/lagacetamapaches.3d-pop.com\/index.php\/wp-json\/wp\/v2\/media?parent=268"}],"curies":[{"name":"wp","href":"https:\/\/api.w.org\/{rel}","templated":true}]}}